{"id":765,"date":"2022-02-23T21:05:43","date_gmt":"2022-02-23T21:05:43","guid":{"rendered":"https:\/\/demo.creativethemes.com\/stagingfour\/?page_id=765"},"modified":"2024-03-26T18:23:38","modified_gmt":"2024-03-26T23:23:38","slug":"contact-us","status":"publish","type":"page","link":"https:\/\/floristeriacaprichoscol.com\/index.php\/contact-us\/","title":{"rendered":"Contacto"},"content":{"rendered":"\n<div class=\"wp-block-stackable-spacer stk-block-spacer stk--no-padding stk-block stk-6090630\" data-block-id=\"6090630\"><style>.stk-6090630{height:50px !important}<\/style><\/div>\n\n\n\n<div class=\"wp-block-stackable-columns stk-block-columns stk-block stk-a5bc981 ct-special-features\" data-block-id=\"a5bc981\"><style>.stk-a5bc981{margin-bottom:0px !important}.stk-a5bc981-column{--stk-column-gap:35px !important;row-gap:35px !important}@media screen and (max-width:999px){.stk-a5bc981-column{--stk-column-gap:25px !important}}<\/style><div class=\"stk-row stk-inner-blocks stk-block-content stk-content-align stk-a5bc981-column\">\n<div class=\"wp-block-stackable-column stk-block-column stk-column stk-block stk-622c7a4 stk-block-background\" data-block-id=\"622c7a4\"><style>.stk-622c7a4-container{margin-top:0px !important;margin-right:0px !important;margin-bottom:0px !important;margin-left:0px !important}.stk-622c7a4{background-color:var(--theme-palette-color-8,#ffffff) !important;border-radius:8px !important;overflow:hidden !important;padding-top:80px !important;padding-right:70px !important;padding-bottom:80px !important;padding-left:70px !important}.stk-622c7a4:hover{background-color:var(--theme-palette-color-1,#e65616) !important}.stk-622c7a4:before{background-color:var(--theme-palette-color-8,#ffffff) !important}.stk-622c7a4:hover:before{background-color:var(--theme-palette-color-1,#e65616) !important}@media screen and (max-width:999px){.stk-622c7a4{padding-top:40px !important;padding-right:25px !important;padding-bottom:40px !important;padding-left:25px !important}}<\/style><div class=\"stk-column-wrapper stk-block-column__content stk-container stk-622c7a4-container stk--no-background stk--no-padding\"><div class=\"has-text-align-center stk-block-content stk-inner-blocks stk-622c7a4-inner-blocks\">\n<div class=\"wp-block-stackable-icon stk-block-icon has-text-align-center stk-block stk-ea85267\" data-block-id=\"ea85267\"><style>.stk-ea85267{margin-bottom:30px !important}.stk-ea85267 .stk--svg-wrapper .stk--inner-svg svg:last-child{height:45px !important;width:45px !important}.stk-ea85267 .stk--svg-wrapper .stk--inner-svg svg:last-child,.stk-ea85267 .stk--svg-wrapper .stk--inner-svg svg:last-child :is(g,path,rect,polygon,ellipse){fill:var(--theme-palette-color-4,#ffffff) !important}@media screen and (max-width:999px){.stk-ea85267 .stk--svg-wrapper .stk--inner-svg svg:last-child{height:30px !important;width:30px !important}}<\/style><span class=\"stk--svg-wrapper\"><div class=\"stk--inner-svg\"><svg style=\"height:0;width:0\"><defs><linearGradient id=\"linear-gradient-ea85267\" x1=\"0\" x2=\"100%\" y1=\"0\" y2=\"0\"><stop offset=\"0%\" style=\"stop-opacity:1;stop-color:var(--linear-gradient-ea-85267-color-1)\"><\/stop><stop offset=\"100%\" style=\"stop-opacity:1;stop-color:var(--linear-gradient-ea-85267-color-2)\"><\/stop><\/linearGradient><\/defs><\/svg><svg class=\"ugb-custom-icon\" xmlns=\"http:\/\/www.w3.org\/2000\/svg\" viewBox=\"0 0 50 50\" aria-hidden=\"true\" width=\"32\" height=\"32\">\n  <path d=\"M38.5 5.5C34.9 1.9 30 0 24.8 0 14.2.1 5.6 8.8 5.7 19.5c0 8.1 10.3 21.7 16.4 29.1.2.2.3.4.5.5.7.6 1.6.9 2.4.9 1.1 0 2.2-.5 3-1.4 6.1-7.4 16.4-21 16.4-29.1v-.4c-.1-5.1-2.2-9.9-5.9-13.6zm1.6 14c0 5.6-7.7 17-15 26-7.3-9-15.1-20.4-15.1-26 0-4 1.5-7.8 4.3-10.7 2.8-2.9 6.6-4.5 10.6-4.5h.1c4 0 7.7 1.5 10.5 4.3 2.9 2.8 4.5 6.6 4.5 10.6v.3zm-10.1.1c0 2.7-2.1 4.9-4.8 5-2.7 0-4.9-2.1-5-4.8v-.1c0-2.7 2.1-4.9 4.8-4.9 2.7-.1 4.9 2.1 5 4.8z\" fill=\"#fff\"><\/path>\n<\/svg><\/div><\/span><\/div>\n\n\n\n<div class=\"wp-block-stackable-heading stk-block-heading stk-block-heading--v2 stk-block stk-592ef48\" id=\"visitanos\" data-block-id=\"592ef48\"><style>.stk-592ef48{margin-bottom:16px !important}.stk-592ef48 .stk-block-heading__text{color:var(--theme-palette-color-6,#ffffff) !important;font-weight:800 !important}<\/style><h5 class=\"stk-block-heading__text has-text-color\">Vis\u00edtanos<\/h5><\/div>\n\n\n\n<p class=\"has-text-align-center has-palette-color-4-color has-text-color\"><strong>Carrera 105 #97A-22<\/strong>     <\/p>\n\n\n\n<p class=\"has-text-align-center has-palette-color-4-color has-text-color\">  B. Nuevo Apartad\u00f3<\/p>\n\n\n\n<p class=\"has-text-align-center has-palette-color-4-color has-text-color\"><strong>Apartad\u00f3-Antioquia<\/strong><\/p>\n<\/div><\/div><\/div>\n\n\n\n<div class=\"wp-block-stackable-column stk-block-column stk-column stk-block stk-92b5a22 stk-block-background\" data-block-id=\"92b5a22\"><style>.stk-92b5a22-container{margin-top:0px !important;margin-right:0px !important;margin-bottom:0px !important;margin-left:0px !important}.stk-92b5a22{background-color:var(--theme-palette-color-8,#ffffff) !important;border-radius:8px !important;overflow:hidden !important;padding-top:80px !important;padding-right:70px !important;padding-bottom:80px !important;padding-left:70px !important}.stk-92b5a22:hover{background-color:var(--theme-palette-color-1,#e65616) !important}.stk-92b5a22:before{background-color:var(--theme-palette-color-8,#ffffff) !important}.stk-92b5a22:hover:before{background-color:var(--theme-palette-color-1,#e65616) !important}@media screen and (max-width:999px){.stk-92b5a22{padding-top:40px !important;padding-right:25px !important;padding-bottom:40px !important;padding-left:25px !important}}<\/style><div class=\"stk-column-wrapper stk-block-column__content stk-container stk-92b5a22-container stk--no-background stk--no-padding\"><div class=\"has-text-align-center stk-block-content stk-inner-blocks stk-92b5a22-inner-blocks\">\n<div class=\"wp-block-stackable-icon stk-block-icon has-text-align-center stk-block stk-d34828e\" data-block-id=\"d34828e\"><style>.stk-d34828e{margin-bottom:30px !important}.stk-d34828e .stk--svg-wrapper .stk--inner-svg svg:last-child{height:45px !important;width:45px !important}.stk-d34828e .stk--svg-wrapper .stk--inner-svg svg:last-child,.stk-d34828e .stk--svg-wrapper .stk--inner-svg svg:last-child :is(g,path,rect,polygon,ellipse){fill:var(--theme-palette-color-4,#ffffff) !important}@media screen and (max-width:999px){.stk-d34828e .stk--svg-wrapper .stk--inner-svg svg:last-child{height:30px !important;width:30px !important}}<\/style><span class=\"stk--svg-wrapper\"><div class=\"stk--inner-svg\"><svg style=\"height:0;width:0\"><defs><linearGradient id=\"linear-gradient-d34828e\" x1=\"0\" x2=\"100%\" y1=\"0\" y2=\"0\"><stop offset=\"0%\" style=\"stop-opacity:1;stop-color:var(--linear-gradient-d-34828-e-color-1)\"><\/stop><stop offset=\"100%\" style=\"stop-opacity:1;stop-color:var(--linear-gradient-d-34828-e-color-2)\"><\/stop><\/linearGradient><\/defs><\/svg><svg class=\"ugb-custom-icon\" xmlns=\"http:\/\/www.w3.org\/2000\/svg\" viewBox=\"0 0 50 50\" aria-hidden=\"true\" width=\"32\" height=\"32\">\n  <path d=\"M50 16.4V8c0-1.2-1-2.2-2.2-2.2H2.2C1 5.8 0 6.8 0 8v34c0 1.2 1 2.2 2.2 2.2h45.6c1.2 0 2.2-1 2.2-2.2V16.6v-.2zm-4.4-6.2v5.1L25 28.3l-20.6-13v-5.1h41.2zM4.4 39.8V20.4l19.4 12.3c.4.2.8.3 1.2.3.4 0 .8-.1 1.2-.3l19.5-12.3v19.4H4.4z\" fill=\"#fff\"><\/path>\n<\/svg><\/div><\/span><\/div>\n\n\n\n<div class=\"wp-block-stackable-heading stk-block-heading stk-block-heading--v2 stk-block stk-9334345\" id=\"email\" data-block-id=\"9334345\"><style>.stk-9334345{margin-bottom:16px !important}.stk-9334345 .stk-block-heading__text{color:var(--theme-palette-color-6,#ffffff) !important;font-weight:800 !important}<\/style><h5 class=\"stk-block-heading__text has-text-color\">Email<\/h5><\/div>\n\n\n\n<p class=\"has-text-align-center has-palette-color-4-color has-text-color\">caprichosapartado1@gmail.com<\/p>\n<\/div><\/div><\/div>\n\n\n\n<div class=\"wp-block-stackable-column stk-block-column stk-column stk-block stk-5dedb98 stk-block-background\" data-block-id=\"5dedb98\"><style>.stk-5dedb98-container{margin-top:0px !important;margin-right:0px !important;margin-bottom:0px !important;margin-left:0px !important}.stk-5dedb98{background-color:var(--theme-palette-color-8,#ffffff) !important;border-radius:8px !important;overflow:hidden !important;padding-top:80px !important;padding-right:70px !important;padding-bottom:80px !important;padding-left:70px !important}.stk-5dedb98:hover{background-color:var(--theme-palette-color-1,#e65616) !important}.stk-5dedb98:before{background-color:var(--theme-palette-color-8,#ffffff) !important}.stk-5dedb98:hover:before{background-color:var(--theme-palette-color-1,#e65616) !important}@media screen and (max-width:999px){.stk-5dedb98{padding-top:40px !important;padding-right:25px !important;padding-bottom:40px !important;padding-left:25px !important}}<\/style><div class=\"stk-column-wrapper stk-block-column__content stk-container stk-5dedb98-container stk--no-background stk--no-padding\"><div class=\"has-text-align-center stk-block-content stk-inner-blocks stk-5dedb98-inner-blocks\">\n<div class=\"wp-block-stackable-icon stk-block-icon has-text-align-center stk-block stk-a02b7b8\" data-block-id=\"a02b7b8\"><style>.stk-a02b7b8{margin-bottom:30px !important}.stk-a02b7b8 .stk--svg-wrapper .stk--inner-svg svg:last-child{height:45px !important;width:45px !important}.stk-a02b7b8 .stk--svg-wrapper .stk--inner-svg svg:last-child,.stk-a02b7b8 .stk--svg-wrapper .stk--inner-svg svg:last-child :is(g,path,rect,polygon,ellipse){fill:var(--theme-palette-color-4,#ffffff) !important}@media screen and (max-width:999px){.stk-a02b7b8 .stk--svg-wrapper .stk--inner-svg svg:last-child{height:30px !important;width:30px !important}}<\/style><span class=\"stk--svg-wrapper\"><div class=\"stk--inner-svg\"><svg style=\"height:0;width:0\"><defs><linearGradient id=\"linear-gradient-a02b7b8\" x1=\"0\" x2=\"100%\" y1=\"0\" y2=\"0\"><stop offset=\"0%\" style=\"stop-opacity:1;stop-color:var(--linear-gradient-a-02-b-7-b-8-color-1)\"><\/stop><stop offset=\"100%\" style=\"stop-opacity:1;stop-color:var(--linear-gradient-a-02-b-7-b-8-color-2)\"><\/stop><\/linearGradient><\/defs><\/svg><svg class=\"ugb-custom-icon\" xmlns=\"http:\/\/www.w3.org\/2000\/svg\" viewBox=\"0 0 50 50\" aria-hidden=\"true\" width=\"32\" height=\"32\">\n  <path d=\"M36.9 50c-4.9 0-12.6-2.7-23.4-13.6C6.2 29.1 1.8 22.5.5 16.7-1 10.5 1.4 7.2 2.6 6l4.7-4.7c1.7-1.7 4.5-1.7 6.3 0 .1.1.2.3.3.4l6.8 8.8c1.4 1.8 1.2 4.3-.4 5.9l-2.5 2.5c-.2.3-.3.7-.3 1.1v.2c.1 1.2 2.1 4.8 4.7 7.5 2.7 2.7 6.3 4.7 7.5 4.7h.2c.4.1.8 0 1.1-.3l2.5-2.5c1.6-1.6 4.1-1.7 5.9-.3l8.7 6.8c.9.8 1.5 1.8 1.7 3 .1 1.2-.2 2.3-.9 3.3-.1.1-.2.3-.3.4l-4.7 4.7c-.7.7-2.9 2.5-7 2.5zM10.4 4.2c-.1 0-.1 0-.2.1L5.5 9c-.5.5-2 2.4-1 6.8.8 3.5 3.6 9.3 11.9 17.7 14 14 22.2 13.3 24.5 11l4.7-4.7c.1-.1.1-.3 0-.4L37 32.6c-.1-.1-.3-.1-.4 0L34 35.2c-.1.1-.1.1-.2.1-1.2 1-2.8 1.4-4.3 1.2-2.8-.2-7.3-3.2-10.1-6s-5.8-7.3-6-10.1c-.2-1.5.3-3.1 1.2-4.3 0-.1.1-.1.2-.2l2.6-2.6c.1-.1.1-.2 0-.3l-6.8-8.8h-.2zM4 7.5z\" fill=\"#fff\"><\/path>\n<\/svg><\/div><\/span><\/div>\n\n\n\n<div class=\"wp-block-stackable-heading stk-block-heading stk-block-heading--v2 stk-block stk-583731d\" id=\"llamanos\" data-block-id=\"583731d\"><style>.stk-583731d{margin-bottom:16px !important}.stk-583731d .stk-block-heading__text{color:var(--theme-palette-color-6,#ffffff) !important;font-weight:800 !important}<\/style><h5 class=\"stk-block-heading__text has-text-color\">Ll\u00e1manos<\/h5><\/div>\n\n\n\n<p class=\"has-text-align-center has-palette-color-4-color has-text-color\">+57 3136171063<\/p>\n\n\n\n<div class=\"wp-block-stackable-button-group stk-block-button-group stk-block stk-cbf04f8\" data-block-id=\"cbf04f8\"><div class=\"stk-row stk-inner-blocks stk-block-content stk-button-group\">\n<div class=\"wp-block-stackable-icon-button stk-block-icon-button stk-block stk-7295d9b\" data-block-id=\"7295d9b\"><style>.stk-7295d9b .stk-button{background:#4dec50 !important}.stk-7295d9b .stk-button .stk--inner-svg svg:last-child{height:29px !important;width:29px !important}<\/style><a class=\"stk-link stk-button stk--hover-effect-lift-scale\" href=\"https:\/\/wa.link\/40y189\"><span class=\"stk--svg-wrapper\"><div class=\"stk--inner-svg\"><svg xmlns=\"http:\/\/www.w3.org\/2000\/svg\" viewBox=\"0 0 448 512\" aria-hidden=\"true\" width=\"32\" height=\"32\"><path d=\"M380.9 97.1C339 55.1 283.2 32 223.9 32c-122.4 0-222 99.6-222 222 0 39.1 10.2 77.3 29.6 111L0 480l117.7-30.9c32.4 17.7 68.9 27 106.1 27h.1c122.3 0 224.1-99.6 224.1-222 0-59.3-25.2-115-67.1-157zm-157 341.6c-33.2 0-65.7-8.9-94-25.7l-6.7-4-69.8 18.3L72 359.2l-4.4-7c-18.5-29.4-28.2-63.3-28.2-98.2 0-101.7 82.8-184.5 184.6-184.5 49.3 0 95.6 19.2 130.4 54.1 34.8 34.9 56.2 81.2 56.1 130.5 0 101.8-84.9 184.6-186.6 184.6zm101.2-138.2c-5.5-2.8-32.8-16.2-37.9-18-5.1-1.9-8.8-2.8-12.5 2.8-3.7 5.6-14.3 18-17.6 21.8-3.2 3.7-6.5 4.2-12 1.4-32.6-16.3-54-29.1-75.5-66-5.7-9.8 5.7-9.1 16.3-30.3 1.8-3.7.9-6.9-.5-9.7-1.4-2.8-12.5-30.1-17.1-41.2-4.5-10.8-9.1-9.3-12.5-9.5-3.2-.2-6.9-.2-10.6-.2-3.7 0-9.7 1.4-14.8 6.9-5.1 5.6-19.4 19-19.4 46.3 0 27.3 19.9 53.7 22.6 57.4 2.8 3.7 39.1 59.7 94.8 83.8 35.2 15.2 49 16.5 66.6 13.9 10.7-1.6 32.8-13.4 37.4-26.4 4.6-13 4.6-24.1 3.2-26.4-1.3-2.5-5-3.9-10.5-6.6z\"><\/path><\/svg><\/div><\/span><\/a><\/div>\n<\/div><\/div>\n<\/div><\/div><\/div>\n<\/div><\/div>\n\n\n\n<h2 class=\"wp-block-heading alignwide has-text-align-center has-palette-color-6-color has-text-color has-link-color wp-elements-27324d2899a45ab9d51657de2b28395f\" style=\"font-style:normal;font-weight:700\">S\u00edguenos para ver m\u00e1s de cerca<\/h2>\n\n\n\n<div class=\"wp-block-stackable-button-group stk-block-button-group stk-block stk-6124633\" data-block-id=\"6124633\"><div class=\"stk-row stk-inner-blocks has-text-align-center stk-block-content stk-button-group\">\n<div class=\"wp-block-stackable-icon-button stk-block-icon-button stk-block stk-cc6674d\" data-block-id=\"cc6674d\"><style>.stk-cc6674d .stk-button{background:var(--theme-palette-color-1,#315067) !important}.stk-cc6674d .stk-button .stk--inner-svg svg:last-child{height:35px !important;width:35px !important}.stk-cc6674d .stk-button .stk--inner-svg svg:last-child,.stk-cc6674d .stk-button .stk--inner-svg svg:last-child :is(g,path,rect,polygon,ellipse){fill:var(--theme-palette-color-6,#ffffff) !important}<\/style><a class=\"stk-link stk-button stk--hover-effect-darken\" href=\"https:\/\/web.facebook.com\/caprichos.st\"><span class=\"stk--svg-wrapper\"><div class=\"stk--inner-svg\"><svg data-prefix=\"fab\" data-icon=\"facebook-square\" class=\"svg-inline--fa fa-facebook-square fa-w-14\" xmlns=\"http:\/\/www.w3.org\/2000\/svg\" viewBox=\"0 0 448 512\" aria-hidden=\"true\" width=\"32\" height=\"32\"><path fill=\"currentColor\" d=\"M400 32H48A48 48 0 0 0 0 80v352a48 48 0 0 0 48 48h137.25V327.69h-63V256h63v-54.64c0-62.15 37-96.48 93.67-96.48 27.14 0 55.52 4.84 55.52 4.84v61h-31.27c-30.81 0-40.42 19.12-40.42 38.73V256h68.78l-11 71.69h-57.78V480H400a48 48 0 0 0 48-48V80a48 48 0 0 0-48-48z\"><\/path><\/svg><\/div><\/span><\/a><\/div>\n\n\n\n<div class=\"wp-block-stackable-icon-button stk-block-icon-button stk-block stk-bed4cea\" data-block-id=\"bed4cea\"><style>.stk-bed4cea .stk-button{background:var(--theme-palette-color-1,#315067) !important}.stk-bed4cea .stk-button .stk--inner-svg svg:last-child{height:35px !important;width:35px !important}<\/style><a class=\"stk-link stk-button stk--hover-effect-darken\" href=\"https:\/\/www.instagram.com\/caprichos_st\/\"><span class=\"stk--svg-wrapper\"><div class=\"stk--inner-svg\"><svg data-prefix=\"fab\" data-icon=\"instagram\" class=\"svg-inline--fa fa-instagram fa-w-14\" xmlns=\"http:\/\/www.w3.org\/2000\/svg\" viewBox=\"0 0 448 512\" aria-hidden=\"true\" width=\"32\" height=\"32\"><path fill=\"currentColor\" d=\"M224.1 141c-63.6 0-114.9 51.3-114.9 114.9s51.3 114.9 114.9 114.9S339 319.5 339 255.9 287.7 141 224.1 141zm0 189.6c-41.1 0-74.7-33.5-74.7-74.7s33.5-74.7 74.7-74.7 74.7 33.5 74.7 74.7-33.6 74.7-74.7 74.7zm146.4-194.3c0 14.9-12 26.8-26.8 26.8-14.9 0-26.8-12-26.8-26.8s12-26.8 26.8-26.8 26.8 12 26.8 26.8zm76.1 27.2c-1.7-35.9-9.9-67.7-36.2-93.9-26.2-26.2-58-34.4-93.9-36.2-37-2.1-147.9-2.1-184.9 0-35.8 1.7-67.6 9.9-93.9 36.1s-34.4 58-36.2 93.9c-2.1 37-2.1 147.9 0 184.9 1.7 35.9 9.9 67.7 36.2 93.9s58 34.4 93.9 36.2c37 2.1 147.9 2.1 184.9 0 35.9-1.7 67.7-9.9 93.9-36.2 26.2-26.2 34.4-58 36.2-93.9 2.1-37 2.1-147.8 0-184.8zM398.8 388c-7.8 19.6-22.9 34.7-42.6 42.6-29.5 11.7-99.5 9-132.1 9s-102.7 2.6-132.1-9c-19.6-7.8-34.7-22.9-42.6-42.6-11.7-29.5-9-99.5-9-132.1s-2.6-102.7 9-132.1c7.8-19.6 22.9-34.7 42.6-42.6 29.5-11.7 99.5-9 132.1-9s102.7-2.6 132.1 9c19.6 7.8 34.7 22.9 42.6 42.6 11.7 29.5 9 99.5 9 132.1s2.7 102.7-9 132.1z\"><\/path><\/svg><\/div><\/span><\/a><\/div>\n\n\n\n<div class=\"wp-block-stackable-icon-button stk-block-icon-button stk-block stk-4b6df77\" data-block-id=\"4b6df77\"><style>.stk-4b6df77 .stk-button{background:var(--theme-palette-color-1,#315067) !important}.stk-4b6df77 .stk-button .stk--inner-svg svg:last-child{height:35px !important;width:35px !important}<\/style><a class=\"stk-link stk-button stk--hover-effect-darken\" href=\"https:\/\/www.tiktok.com\/@caprichosluisa\"><span class=\"stk--svg-wrapper\"><div class=\"stk--inner-svg\"><svg xmlns=\"http:\/\/www.w3.org\/2000\/svg\" viewBox=\"0 0 448 512\" aria-hidden=\"true\" width=\"32\" height=\"32\"><path d=\"M448,209.91a210.06,210.06,0,0,1-122.77-39.25V349.38A162.55,162.55,0,1,1,185,188.31V278.2a74.62,74.62,0,1,0,52.23,71.18V0l88,0a121.18,121.18,0,0,0,1.86,22.17h0A122.18,122.18,0,0,0,381,102.39a121.43,121.43,0,0,0,67,20.14Z\"><\/path><\/svg><\/div><\/span><\/a><\/div>\n<\/div><\/div>\n\n\n\n<div class=\"wp-block-stackable-columns stk-block-columns stk-block stk-1dc5942\" data-block-id=\"1dc5942\"><style>.stk-1dc5942 .stk--block-align-1dc5942{align-items:center !important}.stk-1dc5942{margin-bottom:0px !important}.stk-1dc5942-column{--stk-column-gap:35px !important}@media screen and (max-width:689px){.stk-1dc5942-column{row-gap:35px !important}}<\/style><div class=\"stk-row stk-inner-blocks stk--block-align-1dc5942 stk-block-content stk-content-align stk-1dc5942-column\">\n<div class=\"wp-block-stackable-column stk-block-column stk-column stk-block stk-3b6674e\" data-block-id=\"3b6674e\"><style>.stk-3b6674e-container{margin-top:0px !important;margin-right:0px !important;margin-bottom:0px !important;margin-left:0px !important}<\/style><div class=\"stk-column-wrapper stk-block-column__content stk-container stk-3b6674e-container stk--no-background stk--no-padding\"><div class=\"stk-block-content stk-inner-blocks stk-3b6674e-inner-blocks\"><\/div><\/div><\/div>\n<\/div><\/div>\n\n\n\n<div class=\"wp-block-stackable-spacer stk-block-spacer stk--no-padding stk-block stk-34452c0\" data-block-id=\"34452c0\"><\/div>\n","protected":false},"excerpt":{"rendered":"<p>Vis\u00edtanos Carrera 105 #97A-22 B. Nuevo Apartad\u00f3 Apartad\u00f3-Antioquia Email caprichosapartado1@gmail.com Ll\u00e1manos +57 3136171063 S\u00edguenos para ver m\u00e1s de cerca<\/p>\n","protected":false},"author":1,"featured_media":0,"parent":0,"menu_order":0,"comment_status":"closed","ping_status":"closed","template":"","meta":{"footnotes":""},"class_list":["post-765","page","type-page","status-publish","hentry"],"blocksy_meta":{"styles_descriptor":{"styles":{"desktop":"","tablet":"","mobile":""},"google_fonts":[],"version":6}},"_hostinger_reach_plugin_has_subscription_block":false,"_hostinger_reach_plugin_is_elementor":false,"jetpack-related-posts":[],"_links":{"self":[{"href":"https:\/\/floristeriacaprichoscol.com\/index.php\/wp-json\/wp\/v2\/pages\/765","targetHints":{"allow":["GET"]}}],"collection":[{"href":"https:\/\/floristeriacaprichoscol.com\/index.php\/wp-json\/wp\/v2\/pages"}],"about":[{"href":"https:\/\/floristeriacaprichoscol.com\/index.php\/wp-json\/wp\/v2\/types\/page"}],"author":[{"embeddable":true,"href":"https:\/\/floristeriacaprichoscol.com\/index.php\/wp-json\/wp\/v2\/users\/1"}],"replies":[{"embeddable":true,"href":"https:\/\/floristeriacaprichoscol.com\/index.php\/wp-json\/wp\/v2\/comments?post=765"}],"version-history":[{"count":6,"href":"https:\/\/floristeriacaprichoscol.com\/index.php\/wp-json\/wp\/v2\/pages\/765\/revisions"}],"predecessor-version":[{"id":917,"href":"https:\/\/floristeriacaprichoscol.com\/index.php\/wp-json\/wp\/v2\/pages\/765\/revisions\/917"}],"wp:attachment":[{"href":"https:\/\/floristeriacaprichoscol.com\/index.php\/wp-json\/wp\/v2\/media?parent=765"}],"curies":[{"name":"wp","href":"https:\/\/api.w.org\/{rel}","templated":true}]}}