{"id":526,"date":"2024-03-27T16:30:47","date_gmt":"2024-03-27T21:30:47","guid":{"rendered":"https:\/\/floristeriacaprichoscol.com\/?page_id=526"},"modified":"2025-03-11T19:59:00","modified_gmt":"2025-03-12T00:59:00","slug":"terminos-condiciones","status":"publish","type":"page","link":"https:\/\/floristeriacaprichoscol.com\/index.php\/terminos-condiciones\/","title":{"rendered":"T\u00e9rminos y Condiciones"},"content":{"rendered":"\n<p><strong><span style=\"color: var(--theme-palette-color-5, #f6b9aa);\" class=\"stk-highlight\">PARA COMPRAS DESDE WHATSAPP<\/span><\/strong>.<\/p>\n\n\n\n<ul class=\"wp-block-list\">\n<li>Para comenzar a trabajar en tu pedido debe realizarse el pago a trav\u00e9s de transferencia o en efectivo previamente y enviar comprobante de pago.<\/li>\n\n\n\n<li>Para la cancelaci\u00f3n de tu pedido debes hacerlo 2 d\u00edas antes de la entrega, si tu pedido tiene trabajo parcial o terminado no habr\u00e1 devoluci\u00f3n de dinero, en caso de devoluci\u00f3n de dinero, se har\u00e1 efectivo en un d\u00eda h\u00e1bil y de ser el caso se descontar\u00e1n costos bancarios.<\/li>\n\n\n\n<li>Para fechas especiales (D\u00eda de la mujer, Madres, San Valent\u00edn, etc.) si realizas una compra no se har\u00e1n devoluciones de dinero si ya falan 3 d\u00edas para la temporada.<\/li>\n\n\n\n<li>Antes de entregar tu pedido la empresa de mensajer\u00eda te llamar\u00e1, si no hay una respuesta por parte de la persona que recibe o no est\u00e1 en el lugar acordado, tu pedido ser\u00e1 devuelto a nuestras instalaciones y deber\u00e1s pagar nuevamente el env\u00edo.<\/li>\n\n\n\n<li>El valor del env\u00edo var\u00eda seg\u00fan el destino de entrega (Solo hacemos entregas en \u00e1reas centrales en los municipios de Apartad\u00f3, Carepa, Turbo, Chigorod\u00f3, El Reposo, Currulao) tambi\u00e9n nos abstendremos de realizar env\u00edos a lugares apartados de los ya descritos por seguridad y pol\u00edticas de terceros, la opci\u00f3n para compras de estas caracter\u00edsticas ofrecemos las recogidas en nuestras instalaciones.<\/li>\n\n\n\n<li>Cada pedido se entrega en orden de llegada, te recomendamos realizar tu pedido con anticipaci\u00f3n.<\/li>\n\n\n\n<li>Cuando un pedido lleve globos o burbujas por la delicadez, si llegara a reventarse alguno se te har\u00e1 una reposici\u00f3n.<\/li>\n\n\n\n<li>Al momento de que tu pedido se entregue a la empresa de mensajer\u00eda, si tu pedido sufre retraso en la entrega, accidente o perdida fuera de las instalaciones de Caprichos el personal\/empresa de mensajer\u00eda se responsabiliza de responder, en cualquiera de los casos, si te llega a suceder, Caprichos coordinar\u00e1 la soluci\u00f3n con el personal\/empresa responsable.<\/li>\n\n\n\n<li>Para fechas especiales (D\u00eda de la mujer, Madres, San Valent\u00edn, etc.) por congesti\u00f3n en las entregas y distancias, tu pedido se entregar\u00e1 en horario de Ma\u00f1ana o Tarde, no se trabajar\u00e1 con horarios fijos de entrega como se trabaja normalmente.<\/li>\n<\/ul>\n\n\n\n<p><strong><span style=\"color: var(--theme-palette-color-5, #f6b9aa);\" class=\"stk-highlight\">PARA COMPRAS EN LINEA.<\/span><\/strong><\/p>\n\n\n\n<ul class=\"wp-block-list\">\n<li>Para comenzar a trabajar en tu pedido debe realizarse el pago desde el carrito a trav\u00e9s del bot\u00f3n Wompi previamente y esperar confirmaci\u00f3n por parte de nuestro equipo de confirmaci\u00f3n de compra.<\/li>\n\n\n\n<li>Los lugares (Municipios) de env\u00edo descritos en el carrito y posteriormente en el checkout o formulario final de la compra son los \u00fanicos lugares habilitados en el momento, El valor descrito cubre solo la parte central de los municipios que aparecen, para lugares m\u00e1s alejados o los rededores debes comunicarte con un asesor. <span style=\"color: var(--theme-palette-color-5, #f6b9aa);\" class=\"stk-highlight\"><a href=\"https:\/\/wa.link\/40y189\" data-type=\"link\" data-id=\"https:\/\/wa.link\/40y189\" target=\"_blank\" rel=\"noreferrer noopener\">(ir con un asesor)<\/a><\/span><\/li>\n\n\n\n<li>Para la cancelaci\u00f3n de tu pedido debes hacerlo 3 d\u00edas antes de la entrega, si tu pedido tiene trabajo parcial o terminado no habr\u00e1 devoluci\u00f3n de dinero, en caso de devoluci\u00f3n de dinero, se har\u00e1 efectivo en 6 h\u00e1biles y de ser el caso se descontar\u00e1n costos bancarios.<\/li>\n\n\n\n<li>Para fechas especiales (D\u00eda de la mujer, Madres, San Valent\u00edn, etc.) si realizas una compra no se har\u00e1n devoluciones de dinero si ya falan 3 d\u00edas para la temporada.<\/li>\n\n\n\n<li>Antes de recibir tu pedido la empresa de mensajer\u00eda llamar\u00e1 a la persona que recibe, si no hay una respuesta de su parte o no est\u00e1 en el lugar descrito al momento de la compra, tu pedido ser\u00e1 devuelto a nuestras instalaciones y deber\u00e1s pagar nuevamente el env\u00edo.<\/li>\n\n\n\n<li>El valor del env\u00edo var\u00eda seg\u00fan el destino de entrega (Solo hacemos entregas en \u00e1reas centrales en los municipios de Apartad\u00f3, Carepa, Turbo, Chigorod\u00f3, El Reposo, Currulao) tambi\u00e9n nos abstendremos de realizar env\u00edos a lugares apartados de los ya descritos por seguridad y pol\u00edticas de terceros, la opci\u00f3n para compras de estas caracter\u00edsticas ofrecemos las recogidas en nuestras instalaciones.<\/li>\n\n\n\n<li>Cada pedido se entrega en orden de llegada, te recomendamos realizar tu pedido con anticipaci\u00f3n.<\/li>\n\n\n\n<li>Cuando un pedido lleve globos o burbujas por la delicadez, si llegara a reventarse alguno se te har\u00e1 una reposici\u00f3n.<\/li>\n\n\n\n<li>Al momento de que tu pedido se entregue a la empresa de mensajer\u00eda, si tu pedido sufre retraso en la entrega, accidente o perdida fuera de las instalaciones de Caprichos el personal\/empresa de mensajer\u00eda se responsabiliza de responder, en cualquiera de los casos, si te llega a suceder, Caprichos coordinar\u00e1 la soluci\u00f3n con el persona\/empresa responsable.<\/li>\n\n\n\n<li>Despu\u00e9s de confirmado el pago\/compra el pedido se entregar\u00e1 de 3 a 5 d\u00edas h\u00e1biles, por tal motivo recomendamos realizar tu compra con anterioridad a la fecha especial.<\/li>\n\n\n\n<li>Para fechas especiales (D\u00eda de la mujer, Madres, San Valent\u00edn, etc.) por congesti\u00f3n en las entregas y distancias, tu pedido se entregar\u00e1 en horario de Ma\u00f1ana o Tarde, no se trabajar\u00e1 con horarios fijos de entrega como se trabaja normalmente.<\/li>\n<\/ul>\n\n\n\n<p><span style=\"color: var(--theme-palette-color-5, #f6b9aa);\" class=\"stk-highlight\"><strong>\u00bfC\u00f3mo puede conocer los cambios en este aviso de T\u00e9rminos y Condiciones?<br><\/strong><\/span>El presente aviso de T\u00e9rminos y Condiciones puede sufrir modificaciones, cambios o actualizaciones derivadas de nuevos requerimientos legales; de nuestras propias necesidades por los productos o servicios que ofrecemos; de las pr\u00e1cticas de env\u00edos de nuestros aliados; de cambios en nuestro modelo de negocio, o por otras causas. Nos comprometemos a mantener actualizado este aviso de privacidad sobre los cambios que pueda sufrir y siempre podr\u00e1 consultar las actualizaciones que existan en el sitio web https:\/\/floristeriacaprichoscol.com\/.<\/p>\n\n\n\n<p><br><strong>\u00daltima actualizaci\u00f3n de este aviso de privacidad: 11\/03\/202<\/strong>5<\/p>\n\n\n\n<p><\/p>\n\n\n\n<p><\/p>\n\n\n\n<p><\/p>\n","protected":false},"excerpt":{"rendered":"<p>PARA COMPRAS DESDE WHATSAPP. PARA COMPRAS EN LINEA. \u00bfC\u00f3mo puede conocer los cambios en este aviso de T\u00e9rminos y Condiciones?El presente aviso de T\u00e9rminos y Condiciones puede sufrir modificaciones, cambios o actualizaciones derivadas de nuevos requerimientos legales; de nuestras propias necesidades por los productos o servicios que ofrecemos; de las pr\u00e1cticas de env\u00edos de nuestros [&hellip;]<\/p>\n","protected":false},"author":1,"featured_media":0,"parent":0,"menu_order":0,"comment_status":"closed","ping_status":"closed","template":"","meta":{"footnotes":""},"class_list":["post-526","page","type-page","status-publish","hentry"],"blocksy_meta":[],"_hostinger_reach_plugin_has_subscription_block":false,"_hostinger_reach_plugin_is_elementor":false,"jetpack-related-posts":[],"_links":{"self":[{"href":"https:\/\/floristeriacaprichoscol.com\/index.php\/wp-json\/wp\/v2\/pages\/526","targetHints":{"allow":["GET"]}}],"collection":[{"href":"https:\/\/floristeriacaprichoscol.com\/index.php\/wp-json\/wp\/v2\/pages"}],"about":[{"href":"https:\/\/floristeriacaprichoscol.com\/index.php\/wp-json\/wp\/v2\/types\/page"}],"author":[{"embeddable":true,"href":"https:\/\/floristeriacaprichoscol.com\/index.php\/wp-json\/wp\/v2\/users\/1"}],"replies":[{"embeddable":true,"href":"https:\/\/floristeriacaprichoscol.com\/index.php\/wp-json\/wp\/v2\/comments?post=526"}],"version-history":[{"count":18,"href":"https:\/\/floristeriacaprichoscol.com\/index.php\/wp-json\/wp\/v2\/pages\/526\/revisions"}],"predecessor-version":[{"id":1269,"href":"https:\/\/floristeriacaprichoscol.com\/index.php\/wp-json\/wp\/v2\/pages\/526\/revisions\/1269"}],"wp:attachment":[{"href":"https:\/\/floristeriacaprichoscol.com\/index.php\/wp-json\/wp\/v2\/media?parent=526"}],"curies":[{"name":"wp","href":"https:\/\/api.w.org\/{rel}","templated":true}]}}